{"id":198,"date":"2018-09-26T13:17:13","date_gmt":"2018-09-26T13:17:13","guid":{"rendered":"http:\/\/demo.athemes.com\/atu-agency\/?page_id=198"},"modified":"2026-01-15T16:27:37","modified_gmt":"2026-01-15T16:27:37","slug":"ueber","status":"publish","type":"page","link":"https:\/\/sommer.support\/en\/ueber\/","title":{"rendered":"About"},"content":{"rendered":"<div data-elementor-type=\"wp-page\" data-elementor-id=\"198\" class=\"elementor elementor-198\" data-elementor-post-type=\"page\">\n\t\t\t\t\t\t<section class=\"elementor-section elementor-top-section elementor-element elementor-element-48801e1f elementor-section-boxed elementor-section-height-default elementor-section-height-default\" data-id=\"48801e1f\" data-element_type=\"section\" data-e-type=\"section\" data-settings=\"{&quot;background_background&quot;:&quot;classic&quot;}\">\n\t\t\t\t\t\t<div class=\"elementor-container elementor-column-gap-wider\">\n\t\t\t\t\t<div class=\"elementor-column elementor-col-50 elementor-top-column elementor-element elementor-element-2b921385\" data-id=\"2b921385\" data-element_type=\"column\" data-e-type=\"column\">\n\t\t\t<div class=\"elementor-widget-wrap elementor-element-populated\">\n\t\t\t\t\t\t<div class=\"elementor-element elementor-element-4251c4d3 elementor-widget elementor-widget-heading\" data-id=\"4251c4d3\" data-element_type=\"widget\" data-e-type=\"widget\" data-widget_type=\"heading.default\">\n\t\t\t\t<div class=\"elementor-widget-container\">\n\t\t\t\t\t<h2 class=\"elementor-heading-title elementor-size-default\">About me<\/h2>\t\t\t\t<\/div>\n\t\t\t\t<\/div>\n\t\t\t\t<div class=\"elementor-element elementor-element-5cff5c74 elementor-widget elementor-widget-text-editor\" data-id=\"5cff5c74\" data-element_type=\"widget\" data-e-type=\"widget\" data-widget_type=\"text-editor.default\">\n\t\t\t\t<div class=\"elementor-widget-container\">\n\t\t\t\t\t\t\t\t\t<p>As an IT project manager, I have experienced myself how frustrating working together with computer specialists can be sometimes . That's why I know how I can help you without overburdening you with technical knowledge still finding a sustainable solution.<\/p><p>With over 20 years of experience in computer science, specifically in support, web design, project management, programming and hardware maintenance as well as having lead numerous trainings on various topics in computer science, I'm happy to use my knowledge to support you.<\/p><p>\u00a0<\/p>\t\t\t\t\t\t\t\t<\/div>\n\t\t\t\t<\/div>\n\t\t\t\t\t<\/div>\n\t\t<\/div>\n\t\t\t\t<div class=\"elementor-column elementor-col-50 elementor-top-column elementor-element elementor-element-2c638a02\" data-id=\"2c638a02\" data-element_type=\"column\" data-e-type=\"column\">\n\t\t\t<div class=\"elementor-widget-wrap elementor-element-populated\">\n\t\t\t\t\t\t<div class=\"elementor-element elementor-element-1065b5c4 elementor-widget elementor-widget-image\" data-id=\"1065b5c4\" data-element_type=\"widget\" data-e-type=\"widget\" data-widget_type=\"image.default\">\n\t\t\t\t<div class=\"elementor-widget-container\">\n\t\t\t\t\t\t\t\t\t\t\t\t\t\t\t<img fetchpriority=\"high\" decoding=\"async\" width=\"712\" height=\"960\" src=\"https:\/\/sommer.support\/wp-content\/uploads\/2014\/05\/marc_sommer.jpg\" class=\"attachment-large size-large wp-image-10499\" alt=\"\" srcset=\"https:\/\/sommer.support\/wp-content\/uploads\/2014\/05\/marc_sommer.jpg 712w, https:\/\/sommer.support\/wp-content\/uploads\/2014\/05\/marc_sommer-222x300.jpg 222w\" sizes=\"(max-width: 712px) 100vw, 712px\" \/>\t\t\t\t\t\t\t\t\t\t\t\t\t\t\t<\/div>\n\t\t\t\t<\/div>\n\t\t\t\t\t<\/div>\n\t\t<\/div>\n\t\t\t\t\t<\/div>\n\t\t<\/section>\n\t\t\t\t<section class=\"elementor-section elementor-top-section elementor-element elementor-element-aa73062 elementor-section-boxed elementor-section-height-default elementor-section-height-default\" data-id=\"aa73062\" data-element_type=\"section\" data-e-type=\"section\">\n\t\t\t\t\t\t<div class=\"elementor-container elementor-column-gap-default\">\n\t\t\t\t\t<div class=\"elementor-column elementor-col-100 elementor-top-column elementor-element elementor-element-75a46878\" data-id=\"75a46878\" data-element_type=\"column\" data-e-type=\"column\">\n\t\t\t<div class=\"elementor-widget-wrap elementor-element-populated\">\n\t\t\t\t\t\t<div class=\"elementor-element elementor-element-50a4b9bc elementor-widget elementor-widget-heading\" data-id=\"50a4b9bc\" data-element_type=\"widget\" data-e-type=\"widget\" data-widget_type=\"heading.default\">\n\t\t\t\t<div class=\"elementor-widget-container\">\n\t\t\t\t\t<h2 class=\"elementor-heading-title elementor-size-default\">I look forward to hearing from you.<\/h2>\t\t\t\t<\/div>\n\t\t\t\t<\/div>\n\t\t\t\t<div class=\"elementor-element elementor-element-5ac82c7 elementor-align-center elementor-widget elementor-widget-button\" data-id=\"5ac82c7\" data-element_type=\"widget\" data-e-type=\"widget\" data-widget_type=\"button.default\">\n\t\t\t\t<div class=\"elementor-widget-container\">\n\t\t\t\t\t\t\t\t\t<div class=\"elementor-button-wrapper\">\n\t\t\t\t\t<a class=\"elementor-button elementor-button-link elementor-size-sm\" href=\"https:\/\/sommer.support\/en\/kontakt\/\">\n\t\t\t\t\t\t<span class=\"elementor-button-content-wrapper\">\n\t\t\t\t\t\t\t\t\t<span class=\"elementor-button-text\">Contact<\/span>\n\t\t\t\t\t<\/span>\n\t\t\t\t\t<\/a>\n\t\t\t\t<\/div>\n\t\t\t\t\t\t\t\t<\/div>\n\t\t\t\t<\/div>\n\t\t\t\t\t<\/div>\n\t\t<\/div>\n\t\t\t\t\t<\/div>\n\t\t<\/section>\n\t\t\t\t<section class=\"elementor-section elementor-top-section elementor-element elementor-element-3874a3b elementor-section-boxed elementor-section-height-default elementor-section-height-default\" data-id=\"3874a3b\" data-element_type=\"section\" data-e-type=\"section\" data-settings=\"{&quot;background_background&quot;:&quot;classic&quot;}\">\n\t\t\t\t\t\t<div class=\"elementor-container elementor-column-gap-wider\">\n\t\t\t\t\t<div class=\"elementor-column elementor-col-33 elementor-top-column elementor-element elementor-element-6b0edd5\" data-id=\"6b0edd5\" data-element_type=\"column\" data-e-type=\"column\">\n\t\t\t<div class=\"elementor-widget-wrap elementor-element-populated\">\n\t\t\t\t\t\t<div class=\"elementor-element elementor-element-3249f4aa elementor-widget elementor-widget-icon-box\" data-id=\"3249f4aa\" data-element_type=\"widget\" data-e-type=\"widget\" data-widget_type=\"icon-box.default\">\n\t\t\t\t<div class=\"elementor-widget-container\">\n\t\t\t\t\t\t\t<div class=\"elementor-icon-box-wrapper\">\n\n\t\t\t\n\t\t\t\t\t\t<div class=\"elementor-icon-box-content\">\n\n\t\t\t\t\t\t\t\t\t<h3 class=\"elementor-icon-box-title\">\n\t\t\t\t\t\t<span  >\n\t\t\t\t\t\t\t<br>Philosophy\t\t\t\t\t\t<\/span>\n\t\t\t\t\t<\/h3>\n\t\t\t\t\n\t\t\t\t\t\t\t\t\t<p class=\"elementor-icon-box-description\">\n\t\t\t\t\t\tI'll bring the knowledge and the experience. You'll decide what you want to have done. Not more, not less.\t\t\t\t\t<\/p>\n\t\t\t\t\n\t\t\t<\/div>\n\t\t\t\n\t\t<\/div>\n\t\t\t\t\t\t<\/div>\n\t\t\t\t<\/div>\n\t\t\t\t\t<\/div>\n\t\t<\/div>\n\t\t\t\t<div class=\"elementor-column elementor-col-33 elementor-top-column elementor-element elementor-element-243f4e28\" data-id=\"243f4e28\" data-element_type=\"column\" data-e-type=\"column\">\n\t\t\t<div class=\"elementor-widget-wrap elementor-element-populated\">\n\t\t\t\t\t\t<div class=\"elementor-element elementor-element-decca6b elementor-view-default elementor-position-block-start elementor-mobile-position-block-start elementor-widget elementor-widget-icon-box\" data-id=\"decca6b\" data-element_type=\"widget\" data-e-type=\"widget\" data-widget_type=\"icon-box.default\">\n\t\t\t\t<div class=\"elementor-widget-container\">\n\t\t\t\t\t\t\t<div class=\"elementor-icon-box-wrapper\">\n\n\t\t\t\t\t\t<div class=\"elementor-icon-box-icon\">\n\t\t\t\t<span  class=\"elementor-icon\">\n\t\t\t\t\t\t\t\t<\/span>\n\t\t\t<\/div>\n\t\t\t\n\t\t\t\t\t\t<div class=\"elementor-icon-box-content\">\n\n\t\t\t\t\t\t\t\t\t<h3 class=\"elementor-icon-box-title\">\n\t\t\t\t\t\t<span  >\n\t\t\t\t\t\t\tVision\t\t\t\t\t\t<\/span>\n\t\t\t\t\t<\/h3>\n\t\t\t\t\n\t\t\t\t\t\t\t\t\t<p class=\"elementor-icon-box-description\">\n\t\t\t\t\t\tComputer specialists are no magicians neither. I'll explain what I do in a language that also people understand who don't want to become experts in this field.\t\t\t\t\t<\/p>\n\t\t\t\t\n\t\t\t<\/div>\n\t\t\t\n\t\t<\/div>\n\t\t\t\t\t\t<\/div>\n\t\t\t\t<\/div>\n\t\t\t\t\t<\/div>\n\t\t<\/div>\n\t\t\t\t<div class=\"elementor-column elementor-col-33 elementor-top-column elementor-element elementor-element-737bf688\" data-id=\"737bf688\" data-element_type=\"column\" data-e-type=\"column\">\n\t\t\t<div class=\"elementor-widget-wrap elementor-element-populated\">\n\t\t\t\t\t\t<div class=\"elementor-element elementor-element-3404b745 elementor-view-default elementor-position-block-start elementor-mobile-position-block-start elementor-widget elementor-widget-icon-box\" data-id=\"3404b745\" data-element_type=\"widget\" data-e-type=\"widget\" data-widget_type=\"icon-box.default\">\n\t\t\t\t<div class=\"elementor-widget-container\">\n\t\t\t\t\t\t\t<div class=\"elementor-icon-box-wrapper\">\n\n\t\t\t\t\t\t<div class=\"elementor-icon-box-icon\">\n\t\t\t\t<span  class=\"elementor-icon\">\n\t\t\t\t\t\t\t\t<\/span>\n\t\t\t<\/div>\n\t\t\t\n\t\t\t\t\t\t<div class=\"elementor-icon-box-content\">\n\n\t\t\t\t\t\t\t\t\t<h3 class=\"elementor-icon-box-title\">\n\t\t\t\t\t\t<span  >\n\t\t\t\t\t\t\tImplementation\t\t\t\t\t\t<\/span>\n\t\t\t\t\t<\/h3>\n\t\t\t\t\n\t\t\t\t\t\t\t\t\t<p class=\"elementor-icon-box-description\">\n\t\t\t\t\t\tTogether we find an individual solution, that suits your needs exactly.\t\t\t\t\t<\/p>\n\t\t\t\t\n\t\t\t<\/div>\n\t\t\t\n\t\t<\/div>\n\t\t\t\t\t\t<\/div>\n\t\t\t\t<\/div>\n\t\t\t\t\t<\/div>\n\t\t<\/div>\n\t\t\t\t\t<\/div>\n\t\t<\/section>\n\t\t\t\t<\/div>","protected":false},"excerpt":{"rendered":"<p>Wer ich bin Als IT-Projektleiter habe ich selbst erlebt, wie anspruchsvoll die Zusammenarbeit mit Informatikern manchmal sein kann. Deshalb weiss ich, wie ich Ihnen weiterhelfen kann ohne Sie mit Expertenwissen zu \u00fcberh\u00e4ufen und trotzdem eine nachhaltige L\u00f6sung zu finden. Mit \u00fcber 20 Jahren Arbeitserfahrung in der Informatik, von Support, Webdesign, Projektleitung \u00fcber Programmierung bis zu [&hellip;]<\/p>\n","protected":false},"author":1,"featured_media":0,"parent":0,"menu_order":0,"comment_status":"closed","ping_status":"closed","template":"","meta":{"footnotes":""},"class_list":["post-198","page","type-page","status-publish","hentry"],"yoast_head":"<!-- This site is optimized with the Yoast SEO plugin v27.4 - https:\/\/yoast.com\/product\/yoast-seo-wordpress\/ -->\n<title>\u00dcber - SOMMER.SUPPORT<\/title>\n<meta name=\"robots\" content=\"index, follow, max-snippet:-1, max-image-preview:large, max-video-preview:-1\" \/>\n<link rel=\"canonical\" href=\"https:\/\/sommer.support\/en\/ueber\/\" \/>\n<meta property=\"og:locale\" content=\"en_US\" \/>\n<meta property=\"og:type\" content=\"article\" \/>\n<meta property=\"og:title\" content=\"\u00dcber - SOMMER.SUPPORT\" \/>\n<meta property=\"og:description\" content=\"Wer ich bin Als IT-Projektleiter habe ich selbst erlebt, wie anspruchsvoll die Zusammenarbeit mit Informatikern manchmal sein kann. Deshalb weiss ich, wie ich Ihnen weiterhelfen kann ohne Sie mit Expertenwissen zu \u00fcberh\u00e4ufen und trotzdem eine nachhaltige L\u00f6sung zu finden. Mit \u00fcber 20 Jahren Arbeitserfahrung in der Informatik, von Support, Webdesign, Projektleitung \u00fcber Programmierung bis zu [&hellip;]\" \/>\n<meta property=\"og:url\" content=\"https:\/\/sommer.support\/en\/ueber\/\" \/>\n<meta property=\"og:site_name\" content=\"SOMMER.SUPPORT\" \/>\n<meta property=\"article:modified_time\" content=\"2026-01-15T16:27:37+00:00\" \/>\n<meta property=\"og:image\" content=\"https:\/\/sommer.support\/wp-content\/uploads\/2014\/05\/marc_sommer.jpg\" \/>\n\t<meta property=\"og:image:width\" content=\"712\" \/>\n\t<meta property=\"og:image:height\" content=\"960\" \/>\n\t<meta property=\"og:image:type\" content=\"image\/jpeg\" \/>\n<meta name=\"twitter:label1\" content=\"Est. reading time\" \/>\n\t<meta name=\"twitter:data1\" content=\"1 minute\" \/>\n<script type=\"application\/ld+json\" class=\"yoast-schema-graph\">{\"@context\":\"https:\\\/\\\/schema.org\",\"@graph\":[{\"@type\":\"WebPage\",\"@id\":\"https:\\\/\\\/sommer.support\\\/ueber\\\/\",\"url\":\"https:\\\/\\\/sommer.support\\\/ueber\\\/\",\"name\":\"\u00dcber - SOMMER.SUPPORT\",\"isPartOf\":{\"@id\":\"https:\\\/\\\/sommer.support\\\/#website\"},\"primaryImageOfPage\":{\"@id\":\"https:\\\/\\\/sommer.support\\\/ueber\\\/#primaryimage\"},\"image\":{\"@id\":\"https:\\\/\\\/sommer.support\\\/ueber\\\/#primaryimage\"},\"thumbnailUrl\":\"https:\\\/\\\/sommer.support\\\/wp-content\\\/uploads\\\/2014\\\/05\\\/marc_sommer.jpg\",\"datePublished\":\"2018-09-26T13:17:13+00:00\",\"dateModified\":\"2026-01-15T16:27:37+00:00\",\"breadcrumb\":{\"@id\":\"https:\\\/\\\/sommer.support\\\/ueber\\\/#breadcrumb\"},\"inLanguage\":\"en-AU\",\"potentialAction\":[{\"@type\":\"ReadAction\",\"target\":[\"https:\\\/\\\/sommer.support\\\/ueber\\\/\"]}]},{\"@type\":\"ImageObject\",\"inLanguage\":\"en-AU\",\"@id\":\"https:\\\/\\\/sommer.support\\\/ueber\\\/#primaryimage\",\"url\":\"https:\\\/\\\/sommer.support\\\/wp-content\\\/uploads\\\/2014\\\/05\\\/marc_sommer.jpg\",\"contentUrl\":\"https:\\\/\\\/sommer.support\\\/wp-content\\\/uploads\\\/2014\\\/05\\\/marc_sommer.jpg\"},{\"@type\":\"BreadcrumbList\",\"@id\":\"https:\\\/\\\/sommer.support\\\/ueber\\\/#breadcrumb\",\"itemListElement\":[{\"@type\":\"ListItem\",\"position\":1,\"name\":\"Home\",\"item\":\"https:\\\/\\\/sommer.support\\\/\"},{\"@type\":\"ListItem\",\"position\":2,\"name\":\"\u00dcber\"}]},{\"@type\":\"WebSite\",\"@id\":\"https:\\\/\\\/sommer.support\\\/#website\",\"url\":\"https:\\\/\\\/sommer.support\\\/\",\"name\":\"SOMMER.SUPPORT\",\"description\":\"der pers\u00f6nliche PC-Support\",\"publisher\":{\"@id\":\"https:\\\/\\\/sommer.support\\\/#organization\"},\"potentialAction\":[{\"@type\":\"SearchAction\",\"target\":{\"@type\":\"EntryPoint\",\"urlTemplate\":\"https:\\\/\\\/sommer.support\\\/?s={search_term_string}\"},\"query-input\":{\"@type\":\"PropertyValueSpecification\",\"valueRequired\":true,\"valueName\":\"search_term_string\"}}],\"inLanguage\":\"en-AU\"},{\"@type\":\"Organization\",\"@id\":\"https:\\\/\\\/sommer.support\\\/#organization\",\"name\":\"SOMMER.SUPPORT\",\"url\":\"https:\\\/\\\/sommer.support\\\/\",\"logo\":{\"@type\":\"ImageObject\",\"inLanguage\":\"en-AU\",\"@id\":\"https:\\\/\\\/sommer.support\\\/#\\\/schema\\\/logo\\\/image\\\/\",\"url\":\"https:\\\/\\\/sommer.support\\\/wp-content\\\/uploads\\\/2019\\\/11\\\/cropped-sommer.support-1.png\",\"contentUrl\":\"https:\\\/\\\/sommer.support\\\/wp-content\\\/uploads\\\/2019\\\/11\\\/cropped-sommer.support-1.png\",\"width\":638,\"height\":138,\"caption\":\"SOMMER.SUPPORT\"},\"image\":{\"@id\":\"https:\\\/\\\/sommer.support\\\/#\\\/schema\\\/logo\\\/image\\\/\"}}]}<\/script>\n<!-- \/ Yoast SEO plugin. -->","yoast_head_json":{"title":"\u00dcber - SOMMER.SUPPORT","robots":{"index":"index","follow":"follow","max-snippet":"max-snippet:-1","max-image-preview":"max-image-preview:large","max-video-preview":"max-video-preview:-1"},"canonical":"https:\/\/sommer.support\/en\/ueber\/","og_locale":"en_US","og_type":"article","og_title":"\u00dcber - SOMMER.SUPPORT","og_description":"Wer ich bin Als IT-Projektleiter habe ich selbst erlebt, wie anspruchsvoll die Zusammenarbeit mit Informatikern manchmal sein kann. Deshalb weiss ich, wie ich Ihnen weiterhelfen kann ohne Sie mit Expertenwissen zu \u00fcberh\u00e4ufen und trotzdem eine nachhaltige L\u00f6sung zu finden. Mit \u00fcber 20 Jahren Arbeitserfahrung in der Informatik, von Support, Webdesign, Projektleitung \u00fcber Programmierung bis zu [&hellip;]","og_url":"https:\/\/sommer.support\/en\/ueber\/","og_site_name":"SOMMER.SUPPORT","article_modified_time":"2026-01-15T16:27:37+00:00","og_image":[{"width":712,"height":960,"url":"https:\/\/sommer.support\/wp-content\/uploads\/2014\/05\/marc_sommer.jpg","type":"image\/jpeg"}],"twitter_misc":{"Est. reading time":"1 minute"},"schema":{"@context":"https:\/\/schema.org","@graph":[{"@type":"WebPage","@id":"https:\/\/sommer.support\/ueber\/","url":"https:\/\/sommer.support\/ueber\/","name":"\u00dcber - SOMMER.SUPPORT","isPartOf":{"@id":"https:\/\/sommer.support\/#website"},"primaryImageOfPage":{"@id":"https:\/\/sommer.support\/ueber\/#primaryimage"},"image":{"@id":"https:\/\/sommer.support\/ueber\/#primaryimage"},"thumbnailUrl":"https:\/\/sommer.support\/wp-content\/uploads\/2014\/05\/marc_sommer.jpg","datePublished":"2018-09-26T13:17:13+00:00","dateModified":"2026-01-15T16:27:37+00:00","breadcrumb":{"@id":"https:\/\/sommer.support\/ueber\/#breadcrumb"},"inLanguage":"en-AU","potentialAction":[{"@type":"ReadAction","target":["https:\/\/sommer.support\/ueber\/"]}]},{"@type":"ImageObject","inLanguage":"en-AU","@id":"https:\/\/sommer.support\/ueber\/#primaryimage","url":"https:\/\/sommer.support\/wp-content\/uploads\/2014\/05\/marc_sommer.jpg","contentUrl":"https:\/\/sommer.support\/wp-content\/uploads\/2014\/05\/marc_sommer.jpg"},{"@type":"BreadcrumbList","@id":"https:\/\/sommer.support\/ueber\/#breadcrumb","itemListElement":[{"@type":"ListItem","position":1,"name":"Home","item":"https:\/\/sommer.support\/"},{"@type":"ListItem","position":2,"name":"\u00dcber"}]},{"@type":"WebSite","@id":"https:\/\/sommer.support\/#website","url":"https:\/\/sommer.support\/","name":"SOMMER.SUPPORT","description":"your personal IT support","publisher":{"@id":"https:\/\/sommer.support\/#organization"},"potentialAction":[{"@type":"SearchAction","target":{"@type":"EntryPoint","urlTemplate":"https:\/\/sommer.support\/?s={search_term_string}"},"query-input":{"@type":"PropertyValueSpecification","valueRequired":true,"valueName":"search_term_string"}}],"inLanguage":"en-AU"},{"@type":"Organization","@id":"https:\/\/sommer.support\/#organization","name":"SOMMER.SUPPORT","url":"https:\/\/sommer.support\/","logo":{"@type":"ImageObject","inLanguage":"en-AU","@id":"https:\/\/sommer.support\/#\/schema\/logo\/image\/","url":"https:\/\/sommer.support\/wp-content\/uploads\/2019\/11\/cropped-sommer.support-1.png","contentUrl":"https:\/\/sommer.support\/wp-content\/uploads\/2019\/11\/cropped-sommer.support-1.png","width":638,"height":138,"caption":"SOMMER.SUPPORT"},"image":{"@id":"https:\/\/sommer.support\/#\/schema\/logo\/image\/"}}]}},"_links":{"self":[{"href":"https:\/\/sommer.support\/en\/wp-json\/wp\/v2\/pages\/198","targetHints":{"allow":["GET"]}}],"collection":[{"href":"https:\/\/sommer.support\/en\/wp-json\/wp\/v2\/pages"}],"about":[{"href":"https:\/\/sommer.support\/en\/wp-json\/wp\/v2\/types\/page"}],"author":[{"embeddable":true,"href":"https:\/\/sommer.support\/en\/wp-json\/wp\/v2\/users\/1"}],"replies":[{"embeddable":true,"href":"https:\/\/sommer.support\/en\/wp-json\/wp\/v2\/comments?post=198"}],"version-history":[{"count":5,"href":"https:\/\/sommer.support\/en\/wp-json\/wp\/v2\/pages\/198\/revisions"}],"predecessor-version":[{"id":54587,"href":"https:\/\/sommer.support\/en\/wp-json\/wp\/v2\/pages\/198\/revisions\/54587"}],"wp:attachment":[{"href":"https:\/\/sommer.support\/en\/wp-json\/wp\/v2\/media?parent=198"}],"curies":[{"name":"wp","href":"https:\/\/api.w.org\/{rel}","templated":true}]}}